{"id":1631,"date":"2023-09-06T13:56:33","date_gmt":"2023-09-06T13:56:33","guid":{"rendered":"https:\/\/rvpartnership.co.uk\/?page_id=1631"},"modified":"2024-03-21T14:16:52","modified_gmt":"2024-03-21T14:16:52","slug":"sobre-nosotros","status":"publish","type":"page","link":"https:\/\/rvpartnership.co.uk\/?page_id=1631&lang=es","title":{"rendered":"SOBRE NOSOTROS"},"content":{"rendered":"\t\t<div data-elementor-type=\"wp-page\" data-elementor-id=\"1631\" class=\"elementor elementor-1631\">\n\t\t\t\t<div class=\"elementor-element elementor-element-c49377b e-flex e-con-boxed e-con e-parent\" data-id=\"c49377b\" data-element_type=\"container\" data-e-type=\"container\">\n\t\t\t\t\t<div class=\"e-con-inner\">\n\t\t\t\t<div class=\"elementor-element elementor-element-3af776f elementor-widget elementor-widget-heading\" data-id=\"3af776f\" data-element_type=\"widget\" data-e-type=\"widget\" data-widget_type=\"heading.default\">\n\t\t\t\t<div class=\"elementor-widget-container\">\n\t\t\t\t\t<h2 class=\"elementor-heading-title elementor-size-default\">AYUDAMOS A NUESTROS CLIENTES A LOGRAR SUS OBJETIVOS COMERCIALES APORTANDO SOLUCIONES.<\/h2>\t\t\t\t<\/div>\n\t\t\t\t<\/div>\n\t\t\t\t\t<\/div>\n\t\t\t\t<\/div>\n\t\t<div class=\"elementor-element elementor-element-305afa6 e-flex e-con-boxed e-con e-parent\" data-id=\"305afa6\" data-element_type=\"container\" data-e-type=\"container\">\n\t\t\t\t\t<div class=\"e-con-inner\">\n\t\t<div class=\"elementor-element elementor-element-09e827f e-con-full e-flex e-con e-child\" data-id=\"09e827f\" data-element_type=\"container\" data-e-type=\"container\">\n\t\t\t\t<div class=\"elementor-element elementor-element-757e6fc elementor-widget elementor-widget-image\" data-id=\"757e6fc\" data-element_type=\"widget\" data-e-type=\"widget\" data-widget_type=\"image.default\">\n\t\t\t\t<div class=\"elementor-widget-container\">\n\t\t\t\t\t\t\t\t\t\t\t\t\t\t\t<img fetchpriority=\"high\" decoding=\"async\" width=\"450\" height=\"450\" src=\"https:\/\/rvpartnership.co.uk\/wp-content\/uploads\/2023\/07\/Jesy_F1.jpg\" class=\"attachment-large size-large wp-image-1279\" alt=\"\" srcset=\"https:\/\/rvpartnership.co.uk\/wp-content\/uploads\/2023\/07\/Jesy_F1.jpg 450w, https:\/\/rvpartnership.co.uk\/wp-content\/uploads\/2023\/07\/Jesy_F1-300x300.jpg 300w, https:\/\/rvpartnership.co.uk\/wp-content\/uploads\/2023\/07\/Jesy_F1-150x150.jpg 150w, https:\/\/rvpartnership.co.uk\/wp-content\/uploads\/2023\/07\/Jesy_F1-60x60.jpg 60w\" sizes=\"(max-width: 450px) 100vw, 450px\" \/>\t\t\t\t\t\t\t\t\t\t\t\t\t\t\t<\/div>\n\t\t\t\t<\/div>\n\t\t\t\t<\/div>\n\t\t<div class=\"elementor-element elementor-element-0771447 e-con-full e-flex e-con e-child\" data-id=\"0771447\" data-element_type=\"container\" data-e-type=\"container\">\n\t\t\t\t<div class=\"elementor-element elementor-element-5a062eb elementor-widget elementor-widget-heading\" data-id=\"5a062eb\" data-element_type=\"widget\" data-e-type=\"widget\" data-widget_type=\"heading.default\">\n\t\t\t\t<div class=\"elementor-widget-container\">\n\t\t\t\t\t<h2 class=\"elementor-heading-title elementor-size-default\">Jesica Roulet<\/h2>\t\t\t\t<\/div>\n\t\t\t\t<\/div>\n\t\t\t\t<div class=\"elementor-element elementor-element-b943493 elementor-widget elementor-widget-text-editor\" data-id=\"b943493\" data-element_type=\"widget\" data-e-type=\"widget\" data-widget_type=\"text-editor.default\">\n\t\t\t\t<div class=\"elementor-widget-container\">\n\t\t\t\t\t\t\t\t\t<p>Dise\u00f1adora Gr\u00e1fica graduada en la Universidad de Buenos Aires, FADU, con m\u00e1s de 12 a\u00f1os de experiencia laboral en el rubro de la indumentaria y dise\u00f1o de cat\u00e1logos. Con las habilidades necesarias para llevar a cabo proyectos que demanden especial atenci\u00f3n en los detalles. Soy Socia en RV Partnership Limited.<\/p>\t\t\t\t\t\t\t\t<\/div>\n\t\t\t\t<\/div>\n\t\t\t\t<\/div>\n\t\t\t\t\t<\/div>\n\t\t\t\t<\/div>\n\t\t<div class=\"elementor-element elementor-element-595e646 e-con-full e-flex e-con e-parent\" data-id=\"595e646\" data-element_type=\"container\" data-e-type=\"container\">\n\t\t<div class=\"elementor-element elementor-element-dcdc88b e-con-full e-flex e-con e-child\" data-id=\"dcdc88b\" data-element_type=\"container\" data-e-type=\"container\">\n\t\t\t\t<div class=\"elementor-element elementor-element-b2eef56 elementor-widget elementor-widget-heading\" data-id=\"b2eef56\" data-element_type=\"widget\" data-e-type=\"widget\" data-widget_type=\"heading.default\">\n\t\t\t\t<div class=\"elementor-widget-container\">\n\t\t\t\t\t<h2 class=\"elementor-heading-title elementor-size-default\">Claudia Roulet<\/h2>\t\t\t\t<\/div>\n\t\t\t\t<\/div>\n\t\t\t\t<div class=\"elementor-element elementor-element-e6f8671 elementor-widget elementor-widget-text-editor\" data-id=\"e6f8671\" data-element_type=\"widget\" data-e-type=\"widget\" data-widget_type=\"text-editor.default\">\n\t\t\t\t<div class=\"elementor-widget-container\">\n\t\t\t\t\t\t\t\t\t<div class=\"wp-block-column is-vertically-aligned-center\">\n<div class=\"wp-block-group\">\n<p class=\"has-text-align-right\">Estoy graduada en Computer Animation and Visualization, trabaje mas de 10 a\u00f1os en projectos de 3D; incluyendo modelado de los personajes, scenas y objetos. Tengo experiencia en animaci\u00f3n y edici\u00f3n de videos. Soy Socia en RV Partnership Limited.<\/p>\n<\/div>\n<\/div>\n<div class=\"wp-block-column is-vertically-aligned-center\">\u00a0<\/div>\t\t\t\t\t\t\t\t<\/div>\n\t\t\t\t<\/div>\n\t\t\t\t<\/div>\n\t\t<div class=\"elementor-element elementor-element-f7e34e7 e-con-full e-flex e-con e-child\" data-id=\"f7e34e7\" data-element_type=\"container\" data-e-type=\"container\">\n\t\t\t\t<div class=\"elementor-element elementor-element-1846fed elementor-widget elementor-widget-image\" data-id=\"1846fed\" data-element_type=\"widget\" data-e-type=\"widget\" data-widget_type=\"image.default\">\n\t\t\t\t<div class=\"elementor-widget-container\">\n\t\t\t\t\t\t\t\t\t\t\t\t\t\t\t<img decoding=\"async\" width=\"450\" height=\"450\" src=\"https:\/\/rvpartnership.co.uk\/wp-content\/uploads\/2023\/07\/Clau_F3.jpg\" class=\"attachment-large size-large wp-image-1280\" alt=\"\" srcset=\"https:\/\/rvpartnership.co.uk\/wp-content\/uploads\/2023\/07\/Clau_F3.jpg 450w, https:\/\/rvpartnership.co.uk\/wp-content\/uploads\/2023\/07\/Clau_F3-300x300.jpg 300w, https:\/\/rvpartnership.co.uk\/wp-content\/uploads\/2023\/07\/Clau_F3-150x150.jpg 150w, https:\/\/rvpartnership.co.uk\/wp-content\/uploads\/2023\/07\/Clau_F3-60x60.jpg 60w\" sizes=\"(max-width: 450px) 100vw, 450px\" \/>\t\t\t\t\t\t\t\t\t\t\t\t\t\t\t<\/div>\n\t\t\t\t<\/div>\n\t\t\t\t<\/div>\n\t\t\t\t<\/div>\n\t\t\t\t<\/div>\n\t\t","protected":false},"excerpt":{"rendered":"<p>AYUDAMOS A NUESTROS CLIENTES A LOGRAR SUS OBJETIVOS COMERCIALES APORTANDO SOLUCIONES. Jesica Roulet Dise\u00f1adora Gr\u00e1fica &hellip; <\/p>\n","protected":false},"author":2,"featured_media":0,"parent":0,"menu_order":0,"comment_status":"closed","ping_status":"closed","template":"","meta":{"content-type":"","footnotes":""},"class_list":["post-1631","page","type-page","status-publish","hentry"],"jetpack_sharing_enabled":true,"_links":{"self":[{"href":"https:\/\/rvpartnership.co.uk\/index.php?rest_route=\/wp\/v2\/pages\/1631","targetHints":{"allow":["GET"]}}],"collection":[{"href":"https:\/\/rvpartnership.co.uk\/index.php?rest_route=\/wp\/v2\/pages"}],"about":[{"href":"https:\/\/rvpartnership.co.uk\/index.php?rest_route=\/wp\/v2\/types\/page"}],"author":[{"embeddable":true,"href":"https:\/\/rvpartnership.co.uk\/index.php?rest_route=\/wp\/v2\/users\/2"}],"replies":[{"embeddable":true,"href":"https:\/\/rvpartnership.co.uk\/index.php?rest_route=%2Fwp%2Fv2%2Fcomments&post=1631"}],"version-history":[{"count":17,"href":"https:\/\/rvpartnership.co.uk\/index.php?rest_route=\/wp\/v2\/pages\/1631\/revisions"}],"predecessor-version":[{"id":2295,"href":"https:\/\/rvpartnership.co.uk\/index.php?rest_route=\/wp\/v2\/pages\/1631\/revisions\/2295"}],"wp:attachment":[{"href":"https:\/\/rvpartnership.co.uk\/index.php?rest_route=%2Fwp%2Fv2%2Fmedia&parent=1631"}],"curies":[{"name":"wp","href":"https:\/\/api.w.org\/{rel}","templated":true}]}}